{"id":2255,"date":"2024-02-07T18:17:47","date_gmt":"2024-02-07T21:17:47","guid":{"rendered":"https:\/\/artedigital.psi.br\/site\/?page_id=2255"},"modified":"2024-02-07T18:32:30","modified_gmt":"2024-02-07T21:32:30","slug":"politica-de-privacidade","status":"publish","type":"page","link":"https:\/\/artedigitalmidias.com.br\/site\/politica-de-privacidade\/","title":{"rendered":"Pol\u00edtica de privacidade"},"content":{"rendered":"\t\t<div data-elementor-type=\"wp-page\" data-elementor-id=\"2255\" class=\"elementor elementor-2255\" data-elementor-post-type=\"page\">\n\t\t\t\t\t\t<section class=\"elementor-section elementor-top-section elementor-element elementor-element-48d1ec8 elementor-section-boxed elementor-section-height-default elementor-section-height-default\" data-id=\"48d1ec8\" data-element_type=\"section\" data-e-type=\"section\" data-settings=\"{&quot;background_background&quot;:&quot;classic&quot;}\">\n\t\t\t\t\t\t<div class=\"elementor-container elementor-column-gap-default\">\n\t\t\t\t\t<div class=\"elementor-column elementor-col-33 elementor-top-column elementor-element elementor-element-539e32d\" data-id=\"539e32d\" data-element_type=\"column\" data-e-type=\"column\">\n\t\t\t<div class=\"elementor-widget-wrap\">\n\t\t\t\t\t\t\t<\/div>\n\t\t<\/div>\n\t\t\t\t<div class=\"elementor-column elementor-col-33 elementor-top-column elementor-element elementor-element-97e6431\" data-id=\"97e6431\" data-element_type=\"column\" data-e-type=\"column\">\n\t\t\t<div class=\"elementor-widget-wrap elementor-element-populated\">\n\t\t\t\t\t\t<div class=\"elementor-element elementor-element-35b29de elementor-widget elementor-widget-text-editor\" data-id=\"35b29de\" data-element_type=\"widget\" data-e-type=\"widget\" data-widget_type=\"text-editor.default\">\n\t\t\t\t<div class=\"elementor-widget-container\">\n\t\t\t\t\t\t\t\t\t<p>Cada um dos nossos servi\u00e7os possuem caracter\u00edsticas e resultados espec\u00edficos, para oferecer a voc\u00ea e sua empresa solu\u00e7\u00f5es claras e pr\u00e1ticas, adequadas a cada necessidade.<\/p>\t\t\t\t\t\t\t\t<\/div>\n\t\t\t\t<\/div>\n\t\t\t\t\t<\/div>\n\t\t<\/div>\n\t\t\t\t<div class=\"elementor-column elementor-col-33 elementor-top-column elementor-element elementor-element-48b535d\" data-id=\"48b535d\" data-element_type=\"column\" data-e-type=\"column\">\n\t\t\t<div class=\"elementor-widget-wrap\">\n\t\t\t\t\t\t\t<\/div>\n\t\t<\/div>\n\t\t\t\t\t<\/div>\n\t\t<\/section>\n\t\t\t\t<section class=\"elementor-section elementor-top-section elementor-element elementor-element-ab57c45 elementor-section-boxed elementor-section-height-default elementor-section-height-default\" data-id=\"ab57c45\" data-element_type=\"section\" data-e-type=\"section\">\n\t\t\t\t\t\t<div class=\"elementor-container elementor-column-gap-extended\">\n\t\t\t\t\t<div class=\"elementor-column elementor-col-100 elementor-top-column elementor-element elementor-element-66bbfd0\" data-id=\"66bbfd0\" data-element_type=\"column\" data-e-type=\"column\">\n\t\t\t<div class=\"elementor-widget-wrap elementor-element-populated\">\n\t\t\t\t\t\t<section class=\"elementor-section elementor-inner-section elementor-element elementor-element-9ad3f8a elementor-section-boxed elementor-section-height-default elementor-section-height-default\" data-id=\"9ad3f8a\" data-element_type=\"section\" data-e-type=\"section\">\n\t\t\t\t\t\t<div class=\"elementor-container elementor-column-gap-default\">\n\t\t\t\t\t<div class=\"elementor-column elementor-col-100 elementor-inner-column elementor-element elementor-element-8d2f3ce\" data-id=\"8d2f3ce\" data-element_type=\"column\" data-e-type=\"column\">\n\t\t\t<div class=\"elementor-widget-wrap elementor-element-populated\">\n\t\t\t\t\t\t<div class=\"elementor-element elementor-element-0920ec3 elementor-widget elementor-widget-heading\" data-id=\"0920ec3\" data-element_type=\"widget\" data-e-type=\"widget\" data-widget_type=\"heading.default\">\n\t\t\t\t<div class=\"elementor-widget-container\">\n\t\t\t\t\t<h2 class=\"elementor-heading-title elementor-size-default\">Pol\u00edtica de privacidade<\/h2>\t\t\t\t<\/div>\n\t\t\t\t<\/div>\n\t\t\t\t<div class=\"elementor-element elementor-element-0926e20 elementor-widget-divider--view-line elementor-widget elementor-widget-divider\" data-id=\"0926e20\" data-element_type=\"widget\" data-e-type=\"widget\" data-widget_type=\"divider.default\">\n\t\t\t\t<div class=\"elementor-widget-container\">\n\t\t\t\t\t\t\t<div class=\"elementor-divider\">\n\t\t\t<span class=\"elementor-divider-separator\">\n\t\t\t\t\t\t<\/span>\n\t\t<\/div>\n\t\t\t\t\t\t<\/div>\n\t\t\t\t<\/div>\n\t\t\t\t<div class=\"elementor-element elementor-element-5ec740a elementor-widget elementor-widget-text-editor\" data-id=\"5ec740a\" data-element_type=\"widget\" data-e-type=\"widget\" data-widget_type=\"text-editor.default\">\n\t\t\t\t<div class=\"elementor-widget-container\">\n\t\t\t\t\t\t\t\t\t<p>Seus dados ser\u00e3o utilizados apenas para o processamento dos pedidos realizados, n\u00e3o sendo, divulgados em hip\u00f3tese alguma. Com rela\u00e7\u00e3o \u00e0 seguran\u00e7a, toda transa\u00e7\u00e3o estar\u00e1 encriptada com a tecnologia SSL (Secure Socket Layer). Isso significa que s\u00f3 nossa empresa ter\u00e1 acesso a estes dados.<\/p>\n<p>O Secure Socket Layer (SSL), de 128 bits, \u00e9 o melhor sistema dispon\u00edvel para transa\u00e7\u00f5es comerciais seguras na internet. Ele utiliza o procedimento de criptografar (codificar) todas as informa\u00e7\u00f5es digitadas durante a navega\u00e7\u00e3o, de modo que n\u00e3o possam ser lidas ou alteradas por terceiros enquanto est\u00e3o transitando pela Internet. \u00c9 o mesmo tipo de seguran\u00e7a usada pela maioria dos bancos brasileiros.<\/p>\n<p>Contratando a Arte Digital voc\u00ea n\u00e3o ter\u00e1 nenhum problema. N\u00f3s garantimos total seguran\u00e7a e sigilo dos seus dados.<\/p>\t\t\t\t\t\t\t\t<\/div>\n\t\t\t\t<\/div>\n\t\t\t\t\t<\/div>\n\t\t<\/div>\n\t\t\t\t\t<\/div>\n\t\t<\/section>\n\t\t\t\t\t<\/div>\n\t\t<\/div>\n\t\t\t\t\t<\/div>\n\t\t<\/section>\n\t\t\t\t<\/div>\n\t\t","protected":false},"excerpt":{"rendered":"<p>Cada um dos nossos servi\u00e7os possuem caracter\u00edsticas e resultados espec\u00edficos, para oferecer a voc\u00ea e sua empresa solu\u00e7\u00f5es claras e pr\u00e1ticas, adequadas a cada necessidade. Pol\u00edtica de privacidade Seus dados ser\u00e3o utilizados apenas para o processamento dos pedidos realizados, n\u00e3o sendo, divulgados em hip\u00f3tese alguma. Com rela\u00e7\u00e3o \u00e0 seguran\u00e7a, toda transa\u00e7\u00e3o estar\u00e1 encriptada com a [&hellip;]<\/p>\n","protected":false},"author":1,"featured_media":0,"parent":0,"menu_order":0,"comment_status":"closed","ping_status":"closed","template":"elementor_header_footer","meta":{"_vp_format_video_url":"","_vp_image_focal_point":[],"footnotes":""},"class_list":["post-2255","page","type-page","status-publish","hentry"],"yoast_head":"<!-- This site is optimized with the Yoast SEO plugin v27.3 - https:\/\/yoast.com\/product\/yoast-seo-wordpress\/ -->\n<title>Pol\u00edtica de privacidade - Arte Digital M\u00eddias<\/title>\n<meta name=\"robots\" content=\"index, follow, max-snippet:-1, max-image-preview:large, max-video-preview:-1\" \/>\n<link rel=\"canonical\" href=\"https:\/\/artedigitalmidias.com.br\/site\/politica-de-privacidade\/\" \/>\n<meta property=\"og:locale\" content=\"pt_BR\" \/>\n<meta property=\"og:type\" content=\"article\" \/>\n<meta property=\"og:title\" content=\"Pol\u00edtica de privacidade - Arte Digital M\u00eddias\" \/>\n<meta property=\"og:description\" content=\"Cada um dos nossos servi\u00e7os possuem caracter\u00edsticas e resultados espec\u00edficos, para oferecer a voc\u00ea e sua empresa solu\u00e7\u00f5es claras e pr\u00e1ticas, adequadas a cada necessidade. Pol\u00edtica de privacidade Seus dados ser\u00e3o utilizados apenas para o processamento dos pedidos realizados, n\u00e3o sendo, divulgados em hip\u00f3tese alguma. Com rela\u00e7\u00e3o \u00e0 seguran\u00e7a, toda transa\u00e7\u00e3o estar\u00e1 encriptada com a [&hellip;]\" \/>\n<meta property=\"og:url\" content=\"https:\/\/artedigitalmidias.com.br\/site\/politica-de-privacidade\/\" \/>\n<meta property=\"og:site_name\" content=\"Arte Digital M\u00eddias\" \/>\n<meta property=\"article:publisher\" content=\"https:\/\/www.facebook.com\/arte.digital.sites\" \/>\n<meta property=\"article:modified_time\" content=\"2024-02-07T21:32:30+00:00\" \/>\n<meta name=\"twitter:card\" content=\"summary_large_image\" \/>\n<meta name=\"twitter:site\" content=\"@rickconcordia\" \/>\n<meta name=\"twitter:label1\" content=\"Est. tempo de leitura\" \/>\n\t<meta name=\"twitter:data1\" content=\"1 minuto\" \/>\n<script type=\"application\/ld+json\" class=\"yoast-schema-graph\">{\"@context\":\"https:\\\/\\\/schema.org\",\"@graph\":[{\"@type\":\"WebPage\",\"@id\":\"https:\\\/\\\/artedigitalmidias.com.br\\\/site\\\/politica-de-privacidade\\\/\",\"url\":\"https:\\\/\\\/artedigitalmidias.com.br\\\/site\\\/politica-de-privacidade\\\/\",\"name\":\"Pol\u00edtica de privacidade - Arte Digital M\u00eddias\",\"isPartOf\":{\"@id\":\"https:\\\/\\\/artedigitalmidias.com.br\\\/site\\\/#website\"},\"datePublished\":\"2024-02-07T21:17:47+00:00\",\"dateModified\":\"2024-02-07T21:32:30+00:00\",\"breadcrumb\":{\"@id\":\"https:\\\/\\\/artedigitalmidias.com.br\\\/site\\\/politica-de-privacidade\\\/#breadcrumb\"},\"inLanguage\":\"pt-BR\",\"potentialAction\":[{\"@type\":\"ReadAction\",\"target\":[\"https:\\\/\\\/artedigitalmidias.com.br\\\/site\\\/politica-de-privacidade\\\/\"]}]},{\"@type\":\"BreadcrumbList\",\"@id\":\"https:\\\/\\\/artedigitalmidias.com.br\\\/site\\\/politica-de-privacidade\\\/#breadcrumb\",\"itemListElement\":[{\"@type\":\"ListItem\",\"position\":1,\"name\":\"In\u00edcio\",\"item\":\"https:\\\/\\\/artedigitalmidias.com.br\\\/site\\\/\"},{\"@type\":\"ListItem\",\"position\":2,\"name\":\"Pol\u00edtica de privacidade\"}]},{\"@type\":\"WebSite\",\"@id\":\"https:\\\/\\\/artedigitalmidias.com.br\\\/site\\\/#website\",\"url\":\"https:\\\/\\\/artedigitalmidias.com.br\\\/site\\\/\",\"name\":\"Arte Digital F\u00e1brica de Sites\",\"description\":\"Redes sociais, logos, registro de dom\u00ednios, hospedagem de site e emails, suporte t\u00e9cnico, assessoria, loja virtual, e-commerce, outdoor, banner, sistema de gest\u00e3o online, identidade visual completa\",\"publisher\":{\"@id\":\"https:\\\/\\\/artedigitalmidias.com.br\\\/site\\\/#organization\"},\"potentialAction\":[{\"@type\":\"SearchAction\",\"target\":{\"@type\":\"EntryPoint\",\"urlTemplate\":\"https:\\\/\\\/artedigitalmidias.com.br\\\/site\\\/?s={search_term_string}\"},\"query-input\":{\"@type\":\"PropertyValueSpecification\",\"valueRequired\":true,\"valueName\":\"search_term_string\"}}],\"inLanguage\":\"pt-BR\"},{\"@type\":\"Organization\",\"@id\":\"https:\\\/\\\/artedigitalmidias.com.br\\\/site\\\/#organization\",\"name\":\"Arte Digital F\u00e1brica de Sites Ltda\",\"url\":\"https:\\\/\\\/artedigitalmidias.com.br\\\/site\\\/\",\"logo\":{\"@type\":\"ImageObject\",\"inLanguage\":\"pt-BR\",\"@id\":\"https:\\\/\\\/artedigitalmidias.com.br\\\/site\\\/#\\\/schema\\\/logo\\\/image\\\/\",\"url\":\"https:\\\/\\\/artedigital.psi.br\\\/site\\\/wp-content\\\/uploads\\\/2021\\\/04\\\/sologo.jpg\",\"contentUrl\":\"https:\\\/\\\/artedigital.psi.br\\\/site\\\/wp-content\\\/uploads\\\/2021\\\/04\\\/sologo.jpg\",\"width\":309,\"height\":309,\"caption\":\"Arte Digital F\u00e1brica de Sites Ltda\"},\"image\":{\"@id\":\"https:\\\/\\\/artedigitalmidias.com.br\\\/site\\\/#\\\/schema\\\/logo\\\/image\\\/\"},\"sameAs\":[\"https:\\\/\\\/www.facebook.com\\\/arte.digital.sites\",\"https:\\\/\\\/x.com\\\/rickconcordia\",\"https:\\\/\\\/www.instagram.com\\\/artedigitalfabricadesites\\\/\",\"https:\\\/\\\/www.linkedin.com\\\/in\\\/dernaci-da-rosa-rick-9250248b\\\/\",\"https:\\\/\\\/www.youtube.com\\\/channel\\\/UCkrF7fajmLR6hVUwkhY1aFA\"]}]}<\/script>\n<!-- \/ Yoast SEO plugin. -->","yoast_head_json":{"title":"Pol\u00edtica de privacidade - Arte Digital M\u00eddias","robots":{"index":"index","follow":"follow","max-snippet":"max-snippet:-1","max-image-preview":"max-image-preview:large","max-video-preview":"max-video-preview:-1"},"canonical":"https:\/\/artedigitalmidias.com.br\/site\/politica-de-privacidade\/","og_locale":"pt_BR","og_type":"article","og_title":"Pol\u00edtica de privacidade - Arte Digital M\u00eddias","og_description":"Cada um dos nossos servi\u00e7os possuem caracter\u00edsticas e resultados espec\u00edficos, para oferecer a voc\u00ea e sua empresa solu\u00e7\u00f5es claras e pr\u00e1ticas, adequadas a cada necessidade. Pol\u00edtica de privacidade Seus dados ser\u00e3o utilizados apenas para o processamento dos pedidos realizados, n\u00e3o sendo, divulgados em hip\u00f3tese alguma. Com rela\u00e7\u00e3o \u00e0 seguran\u00e7a, toda transa\u00e7\u00e3o estar\u00e1 encriptada com a [&hellip;]","og_url":"https:\/\/artedigitalmidias.com.br\/site\/politica-de-privacidade\/","og_site_name":"Arte Digital M\u00eddias","article_publisher":"https:\/\/www.facebook.com\/arte.digital.sites","article_modified_time":"2024-02-07T21:32:30+00:00","twitter_card":"summary_large_image","twitter_site":"@rickconcordia","twitter_misc":{"Est. tempo de leitura":"1 minuto"},"schema":{"@context":"https:\/\/schema.org","@graph":[{"@type":"WebPage","@id":"https:\/\/artedigitalmidias.com.br\/site\/politica-de-privacidade\/","url":"https:\/\/artedigitalmidias.com.br\/site\/politica-de-privacidade\/","name":"Pol\u00edtica de privacidade - Arte Digital M\u00eddias","isPartOf":{"@id":"https:\/\/artedigitalmidias.com.br\/site\/#website"},"datePublished":"2024-02-07T21:17:47+00:00","dateModified":"2024-02-07T21:32:30+00:00","breadcrumb":{"@id":"https:\/\/artedigitalmidias.com.br\/site\/politica-de-privacidade\/#breadcrumb"},"inLanguage":"pt-BR","potentialAction":[{"@type":"ReadAction","target":["https:\/\/artedigitalmidias.com.br\/site\/politica-de-privacidade\/"]}]},{"@type":"BreadcrumbList","@id":"https:\/\/artedigitalmidias.com.br\/site\/politica-de-privacidade\/#breadcrumb","itemListElement":[{"@type":"ListItem","position":1,"name":"In\u00edcio","item":"https:\/\/artedigitalmidias.com.br\/site\/"},{"@type":"ListItem","position":2,"name":"Pol\u00edtica de privacidade"}]},{"@type":"WebSite","@id":"https:\/\/artedigitalmidias.com.br\/site\/#website","url":"https:\/\/artedigitalmidias.com.br\/site\/","name":"Arte Digital F\u00e1brica de Sites","description":"Redes sociais, logos, registro de dom\u00ednios, hospedagem de site e emails, suporte t\u00e9cnico, assessoria, loja virtual, e-commerce, outdoor, banner, sistema de gest\u00e3o online, identidade visual completa","publisher":{"@id":"https:\/\/artedigitalmidias.com.br\/site\/#organization"},"potentialAction":[{"@type":"SearchAction","target":{"@type":"EntryPoint","urlTemplate":"https:\/\/artedigitalmidias.com.br\/site\/?s={search_term_string}"},"query-input":{"@type":"PropertyValueSpecification","valueRequired":true,"valueName":"search_term_string"}}],"inLanguage":"pt-BR"},{"@type":"Organization","@id":"https:\/\/artedigitalmidias.com.br\/site\/#organization","name":"Arte Digital F\u00e1brica de Sites Ltda","url":"https:\/\/artedigitalmidias.com.br\/site\/","logo":{"@type":"ImageObject","inLanguage":"pt-BR","@id":"https:\/\/artedigitalmidias.com.br\/site\/#\/schema\/logo\/image\/","url":"https:\/\/artedigital.psi.br\/site\/wp-content\/uploads\/2021\/04\/sologo.jpg","contentUrl":"https:\/\/artedigital.psi.br\/site\/wp-content\/uploads\/2021\/04\/sologo.jpg","width":309,"height":309,"caption":"Arte Digital F\u00e1brica de Sites Ltda"},"image":{"@id":"https:\/\/artedigitalmidias.com.br\/site\/#\/schema\/logo\/image\/"},"sameAs":["https:\/\/www.facebook.com\/arte.digital.sites","https:\/\/x.com\/rickconcordia","https:\/\/www.instagram.com\/artedigitalfabricadesites\/","https:\/\/www.linkedin.com\/in\/dernaci-da-rosa-rick-9250248b\/","https:\/\/www.youtube.com\/channel\/UCkrF7fajmLR6hVUwkhY1aFA"]}]}},"_links":{"self":[{"href":"https:\/\/artedigitalmidias.com.br\/site\/wp-json\/wp\/v2\/pages\/2255","targetHints":{"allow":["GET"]}}],"collection":[{"href":"https:\/\/artedigitalmidias.com.br\/site\/wp-json\/wp\/v2\/pages"}],"about":[{"href":"https:\/\/artedigitalmidias.com.br\/site\/wp-json\/wp\/v2\/types\/page"}],"author":[{"embeddable":true,"href":"https:\/\/artedigitalmidias.com.br\/site\/wp-json\/wp\/v2\/users\/1"}],"replies":[{"embeddable":true,"href":"https:\/\/artedigitalmidias.com.br\/site\/wp-json\/wp\/v2\/comments?post=2255"}],"version-history":[{"count":19,"href":"https:\/\/artedigitalmidias.com.br\/site\/wp-json\/wp\/v2\/pages\/2255\/revisions"}],"predecessor-version":[{"id":2282,"href":"https:\/\/artedigitalmidias.com.br\/site\/wp-json\/wp\/v2\/pages\/2255\/revisions\/2282"}],"wp:attachment":[{"href":"https:\/\/artedigitalmidias.com.br\/site\/wp-json\/wp\/v2\/media?parent=2255"}],"curies":[{"name":"wp","href":"https:\/\/api.w.org\/{rel}","templated":true}]}}